{"id":20,"date":"2021-01-06T22:57:08","date_gmt":"2021-01-06T22:57:08","guid":{"rendered":"https:\/\/bonaventure-info.com\/?page_id=20"},"modified":"2026-01-14T19:13:20","modified_gmt":"2026-01-14T17:13:20","slug":"nos-marques","status":"publish","type":"page","link":"https:\/\/bonaventure-info.com\/?page_id=20","title":{"rendered":"Nos Marques"},"content":{"rendered":"\n<h2>NOS MARQUES<\/h2>\n\n\n\n<figure class=\"wp-block-gallery columns-5\"><ul class=\"blocks-gallery-grid\"><li class=\"blocks-gallery-item\"><figure><img loading=\"lazy\" width=\"1024\" height=\"341\" src=\"https:\/\/bonaventure-info.com\/wp-content\/uploads\/2022\/11\/logo-Tommy-Hilfinger-1024x341.jpg\" alt=\"\" data-id=\"488\" data-link=\"https:\/\/bonaventure-info.com\/nos-marques\/logo-tommy-hilfinger\" class=\"wp-image-488\" srcset=\"https:\/\/bonaventure-info.com\/wp-content\/uploads\/2022\/11\/logo-Tommy-Hilfinger-1024x341.jpg 1024w, https:\/\/bonaventure-info.com\/wp-content\/uploads\/2022\/11\/logo-Tommy-Hilfinger-300x100.jpg 300w, https:\/\/bonaventure-info.com\/wp-content\/uploads\/2022\/11\/logo-Tommy-Hilfinger-768x256.jpg 768w, https:\/\/bonaventure-info.com\/wp-content\/uploads\/2022\/11\/logo-Tommy-Hilfinger-1536x512.jpg 1536w, https:\/\/bonaventure-info.com\/wp-content\/uploads\/2022\/11\/logo-Tommy-Hilfinger-2048x683.jpg 2048w\" sizes=\"(max-width: 1024px) 100vw, 1024px\" \/><\/figure><\/li><li class=\"blocks-gallery-item\"><figure><img loading=\"lazy\" width=\"1024\" height=\"256\" src=\"https:\/\/bonaventure-info.com\/wp-content\/uploads\/2022\/11\/Logo_Eden_Park_2.svg_-1024x256.png\" alt=\"\" data-id=\"457\" data-link=\"https:\/\/bonaventure-info.com\/nos-marques\/logo_eden_park_2-svg\" class=\"wp-image-457\" srcset=\"https:\/\/bonaventure-info.com\/wp-content\/uploads\/2022\/11\/Logo_Eden_Park_2.svg_-1024x256.png 1024w, https:\/\/bonaventure-info.com\/wp-content\/uploads\/2022\/11\/Logo_Eden_Park_2.svg_-300x75.png 300w, https:\/\/bonaventure-info.com\/wp-content\/uploads\/2022\/11\/Logo_Eden_Park_2.svg_-768x192.png 768w, https:\/\/bonaventure-info.com\/wp-content\/uploads\/2022\/11\/Logo_Eden_Park_2.svg_.png 1280w\" sizes=\"(max-width: 1024px) 100vw, 1024px\" \/><\/figure><\/li><li class=\"blocks-gallery-item\"><figure><img loading=\"lazy\" width=\"1024\" height=\"522\" src=\"https:\/\/bonaventure-info.com\/wp-content\/uploads\/2022\/11\/SAINT_JAMES_ne_de_la_mer-1024x522.png\" alt=\"\" data-id=\"481\" data-link=\"https:\/\/bonaventure-info.com\/nos-marques\/saint_james_ne_de_la_mer\" class=\"wp-image-481\" srcset=\"https:\/\/bonaventure-info.com\/wp-content\/uploads\/2022\/11\/SAINT_JAMES_ne_de_la_mer-1024x522.png 1024w, https:\/\/bonaventure-info.com\/wp-content\/uploads\/2022\/11\/SAINT_JAMES_ne_de_la_mer-300x153.png 300w, https:\/\/bonaventure-info.com\/wp-content\/uploads\/2022\/11\/SAINT_JAMES_ne_de_la_mer-768x391.png 768w, https:\/\/bonaventure-info.com\/wp-content\/uploads\/2022\/11\/SAINT_JAMES_ne_de_la_mer.png 1091w\" sizes=\"(max-width: 1024px) 100vw, 1024px\" \/><\/figure><\/li><li class=\"blocks-gallery-item\"><figure><img loading=\"lazy\" width=\"1000\" height=\"348\" src=\"https:\/\/bonaventure-info.com\/wp-content\/uploads\/2025\/06\/b8WZgmEWSVw8Q8mu.png\" alt=\"\" data-id=\"627\" data-link=\"https:\/\/bonaventure-info.com\/?attachment_id=627\" class=\"wp-image-627\" srcset=\"https:\/\/bonaventure-info.com\/wp-content\/uploads\/2025\/06\/b8WZgmEWSVw8Q8mu.png 1000w, https:\/\/bonaventure-info.com\/wp-content\/uploads\/2025\/06\/b8WZgmEWSVw8Q8mu-300x104.png 300w, https:\/\/bonaventure-info.com\/wp-content\/uploads\/2025\/06\/b8WZgmEWSVw8Q8mu-768x267.png 768w\" sizes=\"(max-width: 1000px) 100vw, 1000px\" \/><\/figure><\/li><li class=\"blocks-gallery-item\"><figure><img loading=\"lazy\" width=\"860\" height=\"177\" src=\"https:\/\/bonaventure-info.com\/wp-content\/uploads\/2022\/11\/logo-digel.jpg\" alt=\"\" data-id=\"456\" data-link=\"https:\/\/bonaventure-info.com\/nos-marques\/logo-digel\" class=\"wp-image-456\" srcset=\"https:\/\/bonaventure-info.com\/wp-content\/uploads\/2022\/11\/logo-digel.jpg 860w, https:\/\/bonaventure-info.com\/wp-content\/uploads\/2022\/11\/logo-digel-300x62.jpg 300w, https:\/\/bonaventure-info.com\/wp-content\/uploads\/2022\/11\/logo-digel-768x158.jpg 768w\" sizes=\"(max-width: 860px) 100vw, 860px\" \/><\/figure><\/li><li class=\"blocks-gallery-item\"><figure><img loading=\"lazy\" width=\"510\" height=\"194\" src=\"https:\/\/bonaventure-info.com\/wp-content\/uploads\/2022\/11\/bugatti-logo.jpg\" alt=\"\" data-id=\"451\" data-link=\"https:\/\/bonaventure-info.com\/nos-marques\/bugatti-logo\" class=\"wp-image-451\" srcset=\"https:\/\/bonaventure-info.com\/wp-content\/uploads\/2022\/11\/bugatti-logo.jpg 510w, https:\/\/bonaventure-info.com\/wp-content\/uploads\/2022\/11\/bugatti-logo-300x114.jpg 300w\" sizes=\"(max-width: 510px) 100vw, 510px\" \/><\/figure><\/li><li class=\"blocks-gallery-item\"><figure><img loading=\"lazy\" width=\"179\" height=\"148\" src=\"https:\/\/bonaventure-info.com\/wp-content\/uploads\/2026\/01\/pme.png\" alt=\"\" data-id=\"648\" data-full-url=\"https:\/\/bonaventure-info.com\/wp-content\/uploads\/2026\/01\/pme.png\" data-link=\"https:\/\/bonaventure-info.com\/?attachment_id=648\" class=\"wp-image-648\"\/><\/figure><\/li><li class=\"blocks-gallery-item\"><figure><img loading=\"lazy\" width=\"640\" height=\"142\" src=\"https:\/\/bonaventure-info.com\/wp-content\/uploads\/2022\/11\/replay_logo2.jpg\" alt=\"\" data-id=\"480\" data-link=\"https:\/\/bonaventure-info.com\/nos-marques\/replay_logo2\" class=\"wp-image-480\" srcset=\"https:\/\/bonaventure-info.com\/wp-content\/uploads\/2022\/11\/replay_logo2.jpg 640w, https:\/\/bonaventure-info.com\/wp-content\/uploads\/2022\/11\/replay_logo2-300x67.jpg 300w\" sizes=\"(max-width: 640px) 100vw, 640px\" \/><\/figure><\/li><li class=\"blocks-gallery-item\"><figure><img loading=\"lazy\" width=\"650\" height=\"94\" src=\"https:\/\/bonaventure-info.com\/wp-content\/uploads\/2022\/11\/olymp_logo_groesser_80mm.jpg\" alt=\"\" data-id=\"472\" data-link=\"https:\/\/bonaventure-info.com\/nos-marques\/olymp_logo_groesser_80mm\" class=\"wp-image-472\" srcset=\"https:\/\/bonaventure-info.com\/wp-content\/uploads\/2022\/11\/olymp_logo_groesser_80mm.jpg 650w, https:\/\/bonaventure-info.com\/wp-content\/uploads\/2022\/11\/olymp_logo_groesser_80mm-300x43.jpg 300w\" sizes=\"(max-width: 650px) 100vw, 650px\" \/><\/figure><\/li><li class=\"blocks-gallery-item\"><figure><img loading=\"lazy\" width=\"990\" height=\"899\" src=\"https:\/\/bonaventure-info.com\/wp-content\/uploads\/2024\/09\/Gulf_logo.png\" alt=\"\" data-id=\"592\" data-link=\"https:\/\/bonaventure-info.com\/?attachment_id=592\" class=\"wp-image-592\" srcset=\"https:\/\/bonaventure-info.com\/wp-content\/uploads\/2024\/09\/Gulf_logo.png 990w, https:\/\/bonaventure-info.com\/wp-content\/uploads\/2024\/09\/Gulf_logo-300x272.png 300w, https:\/\/bonaventure-info.com\/wp-content\/uploads\/2024\/09\/Gulf_logo-768x697.png 768w\" sizes=\"(max-width: 990px) 100vw, 990px\" \/><\/figure><\/li><li class=\"blocks-gallery-item\"><figure><img loading=\"lazy\" width=\"1024\" height=\"341\" src=\"https:\/\/bonaventure-info.com\/wp-content\/uploads\/2022\/11\/logo-ss-1024x341.png\" alt=\"\" data-id=\"482\" data-link=\"https:\/\/bonaventure-info.com\/nos-marques\/logo-ss\" class=\"wp-image-482\" srcset=\"https:\/\/bonaventure-info.com\/wp-content\/uploads\/2022\/11\/logo-ss-1024x341.png 1024w, https:\/\/bonaventure-info.com\/wp-content\/uploads\/2022\/11\/logo-ss-300x100.png 300w, https:\/\/bonaventure-info.com\/wp-content\/uploads\/2022\/11\/logo-ss-768x256.png 768w, https:\/\/bonaventure-info.com\/wp-content\/uploads\/2022\/11\/logo-ss-1536x512.png 1536w, https:\/\/bonaventure-info.com\/wp-content\/uploads\/2022\/11\/logo-ss-2048x682.png 2048w\" sizes=\"(max-width: 1024px) 100vw, 1024px\" \/><\/figure><\/li><li class=\"blocks-gallery-item\"><figure><img loading=\"lazy\" width=\"1024\" height=\"213\" src=\"https:\/\/bonaventure-info.com\/wp-content\/uploads\/2022\/11\/casamoda-logo.jpg\" alt=\"\" data-id=\"454\" data-link=\"https:\/\/bonaventure-info.com\/nos-marques\/casamoda-logo\" class=\"wp-image-454\" srcset=\"https:\/\/bonaventure-info.com\/wp-content\/uploads\/2022\/11\/casamoda-logo.jpg 1024w, https:\/\/bonaventure-info.com\/wp-content\/uploads\/2022\/11\/casamoda-logo-300x62.jpg 300w, https:\/\/bonaventure-info.com\/wp-content\/uploads\/2022\/11\/casamoda-logo-768x160.jpg 768w\" sizes=\"(max-width: 1024px) 100vw, 1024px\" \/><\/figure><\/li><li class=\"blocks-gallery-item\"><figure><img loading=\"lazy\" width=\"930\" height=\"352\" src=\"https:\/\/bonaventure-info.com\/wp-content\/uploads\/2022\/11\/254.png\" alt=\"\" data-id=\"455\" data-link=\"https:\/\/bonaventure-info.com\/nos-marques\/attachment\/254\" class=\"wp-image-455\" srcset=\"https:\/\/bonaventure-info.com\/wp-content\/uploads\/2022\/11\/254.png 930w, https:\/\/bonaventure-info.com\/wp-content\/uploads\/2022\/11\/254-300x114.png 300w, https:\/\/bonaventure-info.com\/wp-content\/uploads\/2022\/11\/254-768x291.png 768w\" sizes=\"(max-width: 930px) 100vw, 930px\" \/><\/figure><\/li><li class=\"blocks-gallery-item\"><figure><img loading=\"lazy\" width=\"381\" height=\"277\" src=\"https:\/\/bonaventure-info.com\/wp-content\/uploads\/2022\/11\/La-chaussette-francaise-1.jpg\" alt=\"\" data-id=\"463\" data-link=\"https:\/\/bonaventure-info.com\/nos-marques\/la-chaussette-francaise-1\" class=\"wp-image-463\" srcset=\"https:\/\/bonaventure-info.com\/wp-content\/uploads\/2022\/11\/La-chaussette-francaise-1.jpg 381w, https:\/\/bonaventure-info.com\/wp-content\/uploads\/2022\/11\/La-chaussette-francaise-1-300x218.jpg 300w\" sizes=\"(max-width: 381px) 100vw, 381px\" \/><\/figure><\/li><li class=\"blocks-gallery-item\"><figure><img loading=\"lazy\" width=\"1024\" height=\"293\" src=\"https:\/\/bonaventure-info.com\/wp-content\/uploads\/2022\/11\/Meyer_Logo_grey_non___1-1024x293.jpg\" alt=\"\" data-id=\"467\" data-link=\"https:\/\/bonaventure-info.com\/nos-marques\/meyer_logo_grey_non___1\" class=\"wp-image-467\" srcset=\"https:\/\/bonaventure-info.com\/wp-content\/uploads\/2022\/11\/Meyer_Logo_grey_non___1-1024x293.jpg 1024w, https:\/\/bonaventure-info.com\/wp-content\/uploads\/2022\/11\/Meyer_Logo_grey_non___1-300x86.jpg 300w, https:\/\/bonaventure-info.com\/wp-content\/uploads\/2022\/11\/Meyer_Logo_grey_non___1-768x220.jpg 768w, https:\/\/bonaventure-info.com\/wp-content\/uploads\/2022\/11\/Meyer_Logo_grey_non___1-1536x439.jpg 1536w, https:\/\/bonaventure-info.com\/wp-content\/uploads\/2022\/11\/Meyer_Logo_grey_non___1-2048x586.jpg 2048w\" sizes=\"(max-width: 1024px) 100vw, 1024px\" \/><\/figure><\/li><li class=\"blocks-gallery-item\"><figure><img loading=\"lazy\" width=\"1024\" height=\"248\" src=\"https:\/\/bonaventure-info.com\/wp-content\/uploads\/2022\/11\/mmc-logo-1-1024x248.png\" alt=\"\" data-id=\"483\" data-link=\"https:\/\/bonaventure-info.com\/nos-marques\/mmc-logo-1\" class=\"wp-image-483\" srcset=\"https:\/\/bonaventure-info.com\/wp-content\/uploads\/2022\/11\/mmc-logo-1-1024x248.png 1024w, https:\/\/bonaventure-info.com\/wp-content\/uploads\/2022\/11\/mmc-logo-1-300x73.png 300w, https:\/\/bonaventure-info.com\/wp-content\/uploads\/2022\/11\/mmc-logo-1-768x186.png 768w, https:\/\/bonaventure-info.com\/wp-content\/uploads\/2022\/11\/mmc-logo-1.png 1088w\" sizes=\"(max-width: 1024px) 100vw, 1024px\" \/><\/figure><\/li><li class=\"blocks-gallery-item\"><figure><img loading=\"lazy\" width=\"598\" height=\"84\" src=\"https:\/\/bonaventure-info.com\/wp-content\/uploads\/2022\/11\/telechargement-2.png\" alt=\"\" data-id=\"477\" data-link=\"https:\/\/bonaventure-info.com\/nos-marques\/telechargement-2\" class=\"wp-image-477\" srcset=\"https:\/\/bonaventure-info.com\/wp-content\/uploads\/2022\/11\/telechargement-2.png 598w, https:\/\/bonaventure-info.com\/wp-content\/uploads\/2022\/11\/telechargement-2-300x42.png 300w\" sizes=\"(max-width: 598px) 100vw, 598px\" \/><\/figure><\/li><li class=\"blocks-gallery-item\"><figure><img loading=\"lazy\" width=\"1024\" height=\"118\" src=\"https:\/\/bonaventure-info.com\/wp-content\/uploads\/2022\/11\/territoire-redskins-logo-1531998069-1024x118.jpg\" alt=\"\" data-id=\"479\" data-link=\"https:\/\/bonaventure-info.com\/nos-marques\/territoire-redskins-logo-1531998069\" class=\"wp-image-479\" srcset=\"https:\/\/bonaventure-info.com\/wp-content\/uploads\/2022\/11\/territoire-redskins-logo-1531998069-1024x118.jpg 1024w, https:\/\/bonaventure-info.com\/wp-content\/uploads\/2022\/11\/territoire-redskins-logo-1531998069-300x35.jpg 300w, https:\/\/bonaventure-info.com\/wp-content\/uploads\/2022\/11\/territoire-redskins-logo-1531998069-768x88.jpg 768w, https:\/\/bonaventure-info.com\/wp-content\/uploads\/2022\/11\/territoire-redskins-logo-1531998069-1536x177.jpg 1536w, https:\/\/bonaventure-info.com\/wp-content\/uploads\/2022\/11\/territoire-redskins-logo-1531998069-2048x236.jpg 2048w\" sizes=\"(max-width: 1024px) 100vw, 1024px\" \/><\/figure><\/li><li class=\"blocks-gallery-item\"><figure><img loading=\"lazy\" width=\"1024\" height=\"664\" src=\"https:\/\/bonaventure-info.com\/wp-content\/uploads\/2023\/08\/24_Hours_of_Le_Mans_logo_2014.svg_-1024x664.png\" alt=\"\" data-id=\"553\" data-link=\"https:\/\/bonaventure-info.com\/nos-marques\/24_hours_of_le_mans_logo_2014-svg_\/\" class=\"wp-image-553\" srcset=\"https:\/\/bonaventure-info.com\/wp-content\/uploads\/2023\/08\/24_Hours_of_Le_Mans_logo_2014.svg_-1024x664.png 1024w, https:\/\/bonaventure-info.com\/wp-content\/uploads\/2023\/08\/24_Hours_of_Le_Mans_logo_2014.svg_-300x195.png 300w, https:\/\/bonaventure-info.com\/wp-content\/uploads\/2023\/08\/24_Hours_of_Le_Mans_logo_2014.svg_-768x498.png 768w, https:\/\/bonaventure-info.com\/wp-content\/uploads\/2023\/08\/24_Hours_of_Le_Mans_logo_2014.svg_.png 1200w\" sizes=\"(max-width: 1024px) 100vw, 1024px\" \/><\/figure><\/li><li class=\"blocks-gallery-item\"><figure><img loading=\"lazy\" width=\"400\" height=\"114\" src=\"https:\/\/bonaventure-info.com\/wp-content\/uploads\/2026\/01\/BleuForet_Logo.jpg\" alt=\"\" data-id=\"649\" data-full-url=\"https:\/\/bonaventure-info.com\/wp-content\/uploads\/2026\/01\/BleuForet_Logo.jpg\" data-link=\"https:\/\/bonaventure-info.com\/?attachment_id=649\" class=\"wp-image-649\" srcset=\"https:\/\/bonaventure-info.com\/wp-content\/uploads\/2026\/01\/BleuForet_Logo.jpg 400w, https:\/\/bonaventure-info.com\/wp-content\/uploads\/2026\/01\/BleuForet_Logo-300x86.jpg 300w\" sizes=\"(max-width: 400px) 100vw, 400px\" \/><\/figure><\/li><li class=\"blocks-gallery-item\"><figure><img loading=\"lazy\" width=\"1024\" height=\"441\" src=\"https:\/\/bonaventure-info.com\/wp-content\/uploads\/2022\/11\/logo-berac-1024x441.png\" alt=\"\" data-id=\"449\" data-link=\"https:\/\/bonaventure-info.com\/nos-marques\/logo-berac\" class=\"wp-image-449\" srcset=\"https:\/\/bonaventure-info.com\/wp-content\/uploads\/2022\/11\/logo-berac-1024x441.png 1024w, https:\/\/bonaventure-info.com\/wp-content\/uploads\/2022\/11\/logo-berac-300x129.png 300w, https:\/\/bonaventure-info.com\/wp-content\/uploads\/2022\/11\/logo-berac-768x331.png 768w, https:\/\/bonaventure-info.com\/wp-content\/uploads\/2022\/11\/logo-berac.png 1512w\" sizes=\"(max-width: 1024px) 100vw, 1024px\" \/><\/figure><\/li><li class=\"blocks-gallery-item\"><figure><img loading=\"lazy\" width=\"900\" height=\"500\" src=\"https:\/\/bonaventure-info.com\/wp-content\/uploads\/2022\/11\/tom-tailor-logo-vector.png\" alt=\"\" data-id=\"490\" data-link=\"https:\/\/bonaventure-info.com\/nos-marques\/tom-tailor-logo-vector\" class=\"wp-image-490\" srcset=\"https:\/\/bonaventure-info.com\/wp-content\/uploads\/2022\/11\/tom-tailor-logo-vector.png 900w, https:\/\/bonaventure-info.com\/wp-content\/uploads\/2022\/11\/tom-tailor-logo-vector-300x167.png 300w, https:\/\/bonaventure-info.com\/wp-content\/uploads\/2022\/11\/tom-tailor-logo-vector-768x427.png 768w\" sizes=\"(max-width: 900px) 100vw, 900px\" \/><\/figure><\/li><li class=\"blocks-gallery-item\"><figure><img loading=\"lazy\" width=\"491\" height=\"400\" src=\"https:\/\/bonaventure-info.com\/wp-content\/uploads\/2022\/11\/260787010_1175274232998831_8336931868883429186_n.jpg\" alt=\"\" data-id=\"486\" data-link=\"https:\/\/bonaventure-info.com\/nos-marques\/260787010_1175274232998831_8336931868883429186_n\" class=\"wp-image-486\" srcset=\"https:\/\/bonaventure-info.com\/wp-content\/uploads\/2022\/11\/260787010_1175274232998831_8336931868883429186_n.jpg 491w, https:\/\/bonaventure-info.com\/wp-content\/uploads\/2022\/11\/260787010_1175274232998831_8336931868883429186_n-300x244.jpg 300w\" sizes=\"(max-width: 491px) 100vw, 491px\" \/><\/figure><\/li><li class=\"blocks-gallery-item\"><figure><img loading=\"lazy\" width=\"320\" height=\"175\" src=\"https:\/\/bonaventure-info.com\/wp-content\/uploads\/2022\/11\/19661.png\" alt=\"\" data-id=\"465\" data-link=\"https:\/\/bonaventure-info.com\/nos-marques\/attachment\/19661\" class=\"wp-image-465\" srcset=\"https:\/\/bonaventure-info.com\/wp-content\/uploads\/2022\/11\/19661.png 320w, https:\/\/bonaventure-info.com\/wp-content\/uploads\/2022\/11\/19661-300x164.png 300w\" sizes=\"(max-width: 320px) 100vw, 320px\" \/><\/figure><\/li><li class=\"blocks-gallery-item\"><figure><img loading=\"lazy\" width=\"318\" height=\"103\" src=\"https:\/\/bonaventure-info.com\/wp-content\/uploads\/2022\/11\/vertical-laccessoire-logo-48417.jpg\" alt=\"\" data-id=\"492\" data-link=\"https:\/\/bonaventure-info.com\/nos-marques\/vertical-laccessoire-logo-48417\" class=\"wp-image-492\" srcset=\"https:\/\/bonaventure-info.com\/wp-content\/uploads\/2022\/11\/vertical-laccessoire-logo-48417.jpg 318w, https:\/\/bonaventure-info.com\/wp-content\/uploads\/2022\/11\/vertical-laccessoire-logo-48417-300x97.jpg 300w\" sizes=\"(max-width: 318px) 100vw, 318px\" \/><\/figure><\/li><li class=\"blocks-gallery-item\"><figure><img loading=\"lazy\" width=\"199\" height=\"199\" src=\"https:\/\/bonaventure-info.com\/wp-content\/uploads\/2022\/11\/donders.png\" alt=\"\" data-id=\"495\" data-link=\"https:\/\/bonaventure-info.com\/nos-marques\/donders\" class=\"wp-image-495\" srcset=\"https:\/\/bonaventure-info.com\/wp-content\/uploads\/2022\/11\/donders.png 199w, https:\/\/bonaventure-info.com\/wp-content\/uploads\/2022\/11\/donders-150x150.png 150w\" sizes=\"(max-width: 199px) 100vw, 199px\" \/><\/figure><\/li><li class=\"blocks-gallery-item\"><figure><img loading=\"lazy\" width=\"130\" height=\"130\" src=\"https:\/\/bonaventure-info.com\/wp-content\/uploads\/2022\/11\/images.jpeg\" alt=\"\" data-id=\"496\" data-link=\"https:\/\/bonaventure-info.com\/nos-marques\/images-5\" class=\"wp-image-496\"\/><\/figure><\/li><li class=\"blocks-gallery-item\"><figure><img loading=\"lazy\" width=\"1024\" height=\"288\" src=\"https:\/\/bonaventure-info.com\/wp-content\/uploads\/2022\/11\/logo-groupe-titre-1024x288.png\" alt=\"\" data-id=\"502\" data-link=\"https:\/\/bonaventure-info.com\/nos-marques\/logo-groupe-titre\" class=\"wp-image-502\" srcset=\"https:\/\/bonaventure-info.com\/wp-content\/uploads\/2022\/11\/logo-groupe-titre-1024x288.png 1024w, https:\/\/bonaventure-info.com\/wp-content\/uploads\/2022\/11\/logo-groupe-titre-300x84.png 300w, https:\/\/bonaventure-info.com\/wp-content\/uploads\/2022\/11\/logo-groupe-titre-768x216.png 768w, https:\/\/bonaventure-info.com\/wp-content\/uploads\/2022\/11\/logo-groupe-titre.png 1210w\" sizes=\"(max-width: 1024px) 100vw, 1024px\" \/><\/figure><\/li><li class=\"blocks-gallery-item\"><figure><img loading=\"lazy\" width=\"200\" height=\"200\" src=\"https:\/\/bonaventure-info.com\/wp-content\/uploads\/2024\/09\/332960760_592500969409116_4928713074601499500_n-1.jpg\" alt=\"\" data-id=\"588\" data-link=\"https:\/\/bonaventure-info.com\/?attachment_id=588\" class=\"wp-image-588\" srcset=\"https:\/\/bonaventure-info.com\/wp-content\/uploads\/2024\/09\/332960760_592500969409116_4928713074601499500_n-1.jpg 200w, https:\/\/bonaventure-info.com\/wp-content\/uploads\/2024\/09\/332960760_592500969409116_4928713074601499500_n-1-150x150.jpg 150w\" sizes=\"(max-width: 200px) 100vw, 200px\" \/><\/figure><\/li><li class=\"blocks-gallery-item\"><figure><img loading=\"lazy\" width=\"1024\" height=\"512\" src=\"https:\/\/bonaventure-info.com\/wp-content\/uploads\/2022\/11\/logo-seul-vert-1024x512.png\" alt=\"\" data-id=\"497\" data-link=\"https:\/\/bonaventure-info.com\/nos-marques\/logo-seul-vert\" class=\"wp-image-497\" srcset=\"https:\/\/bonaventure-info.com\/wp-content\/uploads\/2022\/11\/logo-seul-vert-1024x512.png 1024w, https:\/\/bonaventure-info.com\/wp-content\/uploads\/2022\/11\/logo-seul-vert-300x150.png 300w, https:\/\/bonaventure-info.com\/wp-content\/uploads\/2022\/11\/logo-seul-vert-768x384.png 768w, https:\/\/bonaventure-info.com\/wp-content\/uploads\/2022\/11\/logo-seul-vert-1536x768.png 1536w, https:\/\/bonaventure-info.com\/wp-content\/uploads\/2022\/11\/logo-seul-vert-2048x1024.png 2048w\" sizes=\"(max-width: 1024px) 100vw, 1024px\" \/><\/figure><\/li><\/ul><\/figure>\n\n\n\n<h4><span class=\"has-inline-color has-vivid-red-color\"><strong>Homme<\/strong> <strong>Du S au 5XL<\/strong><\/span><\/h4>\n\n\n\n<div class=\"wp-block-columns\">\n<div class=\"wp-block-column\">\n<ul><li><strong>BERAC HOMME<\/strong> <\/li><li><strong>BLEU FORET<strong><strong>    <img src=\"https:\/\/bonaventure-info.com\/wp-content\/uploads\/2021\/02\/images-3.jpeg\" alt=\"\" style=\"width: 20px;\"><\/strong><\/strong><\/strong><\/li><li><strong>BUGATTI<\/strong> <\/li><li><strong>CASA MODA<\/strong><\/li><li><strong>DARIO BELTRAN<\/strong><\/li><li><strong>DIGEL<\/strong><\/li><li><strong>EMINENC<strong><strong><strong>E <\/strong>   <img src=\"https:\/\/bonaventure-info.com\/wp-content\/uploads\/2021\/02\/images-3.jpeg\" alt=\"\" style=\"width: 20px;\"><\/strong><\/strong><\/strong><\/li><li><strong>EDEN PARK<\/strong><\/li><li><strong>LA CHAUSSETTE FRANCAISE<\/strong>    <img loading=\"lazy\" width=\"215\" height=\"215\" class=\"wp-image-144\" style=\"width: 20px;\" src=\"https:\/\/bonaventure-info.com\/wp-content\/uploads\/2021\/02\/images-3.jpeg\" alt=\"\" srcset=\"https:\/\/bonaventure-info.com\/wp-content\/uploads\/2021\/02\/images-3.jpeg 215w, https:\/\/bonaventure-info.com\/wp-content\/uploads\/2021\/02\/images-3-150x150.jpeg 150w\" sizes=\"(max-width: 215px) 100vw, 215px\" \/><\/li><li><strong>LINDENMAN<\/strong>N<\/li><li><strong>M.E.N.S<\/strong><\/li><li><strong>MEYER<\/strong><\/li><li> <strong>MMX<\/strong><\/li><li><strong>MODE MONTE CARLO<\/strong><\/li><li><strong>NOEMIE LIBERTIE Paris  <\/strong> <img loading=\"lazy\" width=\"215\" height=\"215\" class=\"wp-image-144\" style=\"width: 20px;\" src=\"https:\/\/bonaventure-info.com\/wp-content\/uploads\/2021\/02\/images-3.jpeg\" alt=\"\" srcset=\"https:\/\/bonaventure-info.com\/wp-content\/uploads\/2021\/02\/images-3.jpeg 215w, https:\/\/bonaventure-info.com\/wp-content\/uploads\/2021\/02\/images-3-150x150.jpeg 150w\" sizes=\"(max-width: 215px) 100vw, 215px\" \/><\/li><li><strong>OLYMP<\/strong><\/li><li><strong>PADDOCK<\/strong><\/li><li><strong>PME LEGEND<\/strong> new<\/li><li><strong>REPLAY<\/strong><\/li><li><strong>REDSKINS<\/strong><\/li><li><strong>S4<\/strong><\/li><li><strong>SAINT JAMES<\/strong> <img src=\"https:\/\/bonaventure-info.com\/wp-content\/uploads\/2021\/02\/images-3.jpeg\" alt=\"\" style=\"width: 20px;\"><\/li><li><strong>SEIDENSTICKE<\/strong>R<\/li><li><strong>SUPERDRY<\/strong> new<\/li><li><strong>TOM TAILOR<\/strong><\/li><li><strong>TOMMY HILFIGER<\/strong><\/li><li><strong>THE SURFCAR<\/strong><\/li><li><strong>VERICAL<\/strong> l&rsquo;accessoire <img src=\"https:\/\/bonaventure-info.com\/wp-content\/uploads\/2021\/02\/images-3.jpeg\" alt=\"\" style=\"width: 20px;\"><\/li><li><strong>24H LEMANS<\/strong> &#8211; Steve McQueen<\/li><li><strong>GULF<\/strong><\/li><\/ul>\n\n\n\n<p><\/p>\n<\/div>\n<\/div>\n\n\n\n<p>retrouvez dans votre boutique bonaventure sp\u00e9cialiste du pr\u00eat a porter masculin toutes vos marques pr\u00e9f\u00e9r\u00e9es : BERAC HOMME, BLEU FORET, BUGATTI, CASA MODA, DARIO BELTRAN, DIGEL, EDEN PARK, EMINENCE,  LA CHAUSSETTE FRANCAISE, LINDENMANN, M.E.N.S, MEYER, MMX, MODE MONTE CARLO,  NOEMIE LIBERTIE Paris, OLYMP, PADDOCK, REPLAY, REDSKINS, S4, SAINT JAMES, SEIDENSTICKER, SUPERDRY, TOMMY HILFIGER, TOM TAILOR, THE SURFCAR, VERICAL l\u2019accessoire, 24H LEMANS, Steve McQueen, GULF, PME LEGEND<\/p>\n","protected":false},"excerpt":{"rendered":"<p>NOS MARQUES Homme Du S au 5XL BERAC HOMME BLEU FORET BUGATTI CASA MODA DARIO BELTRAN DIGEL EMINENCE EDEN PARK LA CHAUSSETTE FRANCAISE LINDENMANN M.E.N.S MEYER MMX MODE MONTE CARLO NOEMIE LIBERTIE Paris OLYMP PADDOCK PME LEGEND new REPLAY REDSKINS S4 SAINT JAMES SEIDENSTICKER SUPERDRY new TOM TAILOR TOMMY HILFIGER THE SURFCAR VERICAL l&rsquo;accessoire 24H LEMANS &#8211; Steve McQueen GULF retrouvez dans votre boutique bonaventure [&hellip;]<\/p>\n","protected":false},"author":1,"featured_media":0,"parent":0,"menu_order":0,"comment_status":"closed","ping_status":"closed","template":"","meta":[],"_links":{"self":[{"href":"https:\/\/bonaventure-info.com\/index.php?rest_route=\/wp\/v2\/pages\/20"}],"collection":[{"href":"https:\/\/bonaventure-info.com\/index.php?rest_route=\/wp\/v2\/pages"}],"about":[{"href":"https:\/\/bonaventure-info.com\/index.php?rest_route=\/wp\/v2\/types\/page"}],"author":[{"embeddable":true,"href":"https:\/\/bonaventure-info.com\/index.php?rest_route=\/wp\/v2\/users\/1"}],"replies":[{"embeddable":true,"href":"https:\/\/bonaventure-info.com\/index.php?rest_route=%2Fwp%2Fv2%2Fcomments&post=20"}],"version-history":[{"count":43,"href":"https:\/\/bonaventure-info.com\/index.php?rest_route=\/wp\/v2\/pages\/20\/revisions"}],"predecessor-version":[{"id":650,"href":"https:\/\/bonaventure-info.com\/index.php?rest_route=\/wp\/v2\/pages\/20\/revisions\/650"}],"wp:attachment":[{"href":"https:\/\/bonaventure-info.com\/index.php?rest_route=%2Fwp%2Fv2%2Fmedia&parent=20"}],"curies":[{"name":"wp","href":"https:\/\/api.w.org\/{rel}","templated":true}]}}