{"id":67,"date":"2021-01-06T23:47:25","date_gmt":"2021-01-06T23:47:25","guid":{"rendered":"https:\/\/bonaventure-info.com\/?page_id=67"},"modified":"2021-01-06T23:47:25","modified_gmt":"2021-01-06T23:47:25","slug":"conseils","status":"publish","type":"page","link":"https:\/\/bonaventure-info.com\/?page_id=67","title":{"rendered":"Conseils"},"content":{"rendered":"\n<figure class=\"wp-block-image size-large is-resized\"><img loading=\"lazy\" src=\"https:\/\/bonaventure-info.com\/wp-content\/uploads\/2021\/01\/cache_8276378.png\" alt=\"\" class=\"wp-image-68\" width=\"186\" height=\"140\" srcset=\"https:\/\/bonaventure-info.com\/wp-content\/uploads\/2021\/01\/cache_8276378.png 900w, https:\/\/bonaventure-info.com\/wp-content\/uploads\/2021\/01\/cache_8276378-300x225.png 300w, https:\/\/bonaventure-info.com\/wp-content\/uploads\/2021\/01\/cache_8276378-768x576.png 768w\" sizes=\"(max-width: 186px) 100vw, 186px\" \/><\/figure>\n\n\n\n<h2><strong>Conseils&nbsp;<\/strong><\/h2>\n\n\n\n<p>Notre \u00e9quipe est compos\u00e9 de conseill\u00e9s d&rsquo;exp\u00e9rience<\/p>\n","protected":false},"excerpt":{"rendered":"<p>Conseils&nbsp; Notre \u00e9quipe est compos\u00e9 de conseill\u00e9s d&rsquo;exp\u00e9rience<\/p>\n","protected":false},"author":1,"featured_media":0,"parent":0,"menu_order":0,"comment_status":"closed","ping_status":"closed","template":"","meta":[],"_links":{"self":[{"href":"https:\/\/bonaventure-info.com\/index.php?rest_route=\/wp\/v2\/pages\/67"}],"collection":[{"href":"https:\/\/bonaventure-info.com\/index.php?rest_route=\/wp\/v2\/pages"}],"about":[{"href":"https:\/\/bonaventure-info.com\/index.php?rest_route=\/wp\/v2\/types\/page"}],"author":[{"embeddable":true,"href":"https:\/\/bonaventure-info.com\/index.php?rest_route=\/wp\/v2\/users\/1"}],"replies":[{"embeddable":true,"href":"https:\/\/bonaventure-info.com\/index.php?rest_route=%2Fwp%2Fv2%2Fcomments&post=67"}],"version-history":[{"count":1,"href":"https:\/\/bonaventure-info.com\/index.php?rest_route=\/wp\/v2\/pages\/67\/revisions"}],"predecessor-version":[{"id":69,"href":"https:\/\/bonaventure-info.com\/index.php?rest_route=\/wp\/v2\/pages\/67\/revisions\/69"}],"wp:attachment":[{"href":"https:\/\/bonaventure-info.com\/index.php?rest_route=%2Fwp%2Fv2%2Fmedia&parent=67"}],"curies":[{"name":"wp","href":"https:\/\/api.w.org\/{rel}","templated":true}]}}