{"id":70,"date":"2021-01-06T23:48:34","date_gmt":"2021-01-06T23:48:34","guid":{"rendered":"https:\/\/bonaventure-info.com\/?page_id=70"},"modified":"2021-01-06T23:48:34","modified_gmt":"2021-01-06T23:48:34","slug":"confiance","status":"publish","type":"page","link":"https:\/\/bonaventure-info.com\/?page_id=70","title":{"rendered":"Confiance"},"content":{"rendered":"\n<figure class=\"wp-block-image size-large is-resized\"><img loading=\"lazy\" src=\"https:\/\/bonaventure-info.com\/wp-content\/uploads\/2021\/01\/cache_8276379.png\" alt=\"\" class=\"wp-image-71\" width=\"207\" height=\"155\" srcset=\"https:\/\/bonaventure-info.com\/wp-content\/uploads\/2021\/01\/cache_8276379.png 900w, https:\/\/bonaventure-info.com\/wp-content\/uploads\/2021\/01\/cache_8276379-300x225.png 300w, https:\/\/bonaventure-info.com\/wp-content\/uploads\/2021\/01\/cache_8276379-768x576.png 768w\" sizes=\"(max-width: 207px) 100vw, 207px\" \/><\/figure>\n\n\n\n<h2><strong>Confiance<\/strong><\/h2>\n\n\n\n<p>-1946-<\/p>\n\n\n\n<p>Depuis 3 g\u00e9n\u00e9rations, nos clients fid\u00e9lent nous font confiance.<\/p>\n","protected":false},"excerpt":{"rendered":"<p>Confiance -1946- Depuis 3 g\u00e9n\u00e9rations, nos clients fid\u00e9lent nous font confiance.<\/p>\n","protected":false},"author":1,"featured_media":0,"parent":0,"menu_order":0,"comment_status":"closed","ping_status":"closed","template":"","meta":[],"_links":{"self":[{"href":"https:\/\/bonaventure-info.com\/index.php?rest_route=\/wp\/v2\/pages\/70"}],"collection":[{"href":"https:\/\/bonaventure-info.com\/index.php?rest_route=\/wp\/v2\/pages"}],"about":[{"href":"https:\/\/bonaventure-info.com\/index.php?rest_route=\/wp\/v2\/types\/page"}],"author":[{"embeddable":true,"href":"https:\/\/bonaventure-info.com\/index.php?rest_route=\/wp\/v2\/users\/1"}],"replies":[{"embeddable":true,"href":"https:\/\/bonaventure-info.com\/index.php?rest_route=%2Fwp%2Fv2%2Fcomments&post=70"}],"version-history":[{"count":1,"href":"https:\/\/bonaventure-info.com\/index.php?rest_route=\/wp\/v2\/pages\/70\/revisions"}],"predecessor-version":[{"id":72,"href":"https:\/\/bonaventure-info.com\/index.php?rest_route=\/wp\/v2\/pages\/70\/revisions\/72"}],"wp:attachment":[{"href":"https:\/\/bonaventure-info.com\/index.php?rest_route=%2Fwp%2Fv2%2Fmedia&parent=70"}],"curies":[{"name":"wp","href":"https:\/\/api.w.org\/{rel}","templated":true}]}}